{"id":5696,"date":"2025-06-20T22:46:36","date_gmt":"2025-06-20T20:46:36","guid":{"rendered":"https:\/\/mytriprwanda.com\/?page_id=5696"},"modified":"2025-07-08T16:39:21","modified_gmt":"2025-07-08T14:39:21","slug":"gorilla-trekking-rwanda-cost","status":"publish","type":"page","link":"https:\/\/mytriprwanda.com\/pt\/custo-do-passeio-de-gorila-em-ruanda\/","title":{"rendered":"Custo do Gorilla Trekking em Ruanda"},"content":{"rendered":"<div data-elementor-type=\"wp-page\" data-elementor-id=\"5696\" class=\"elementor elementor-5696\" data-elementor-post-type=\"page\">\n\t\t\t\t<div class=\"elementor-element elementor-element-8338187 e-flex e-con-boxed e-con e-parent\" data-id=\"8338187\" data-element_type=\"container\" data-settings=\"{&quot;background_background&quot;:&quot;gradient&quot;,&quot;jet_parallax_layout_list&quot;:[]}\">\n\t\t\t\t\t<div class=\"e-con-inner\">\n\t\t\t\t<div class=\"elementor-element elementor-element-b9a0c39 elementor-widget elementor-widget-heading\" data-id=\"b9a0c39\" data-element_type=\"widget\" data-widget_type=\"heading.default\">\n\t\t\t\t<div class=\"elementor-widget-container\">\n\t\t\t\t\t<h1 class=\"elementor-heading-title elementor-size-default\">Qual \u00e9 o custo do Gorilla Trekking em Ruanda?<\/h1>\t\t\t\t<\/div>\n\t\t\t\t<\/div>\n\t\t\t\t<div class=\"elementor-element elementor-element-9c596b5 elementor-widget elementor-widget-image\" data-id=\"9c596b5\" data-element_type=\"widget\" data-widget_type=\"image.default\">\n\t\t\t\t<div class=\"elementor-widget-container\">\n\t\t\t\t\t\t\t\t\t\t\t\t\t\t\t<img fetchpriority=\"high\" decoding=\"async\" width=\"2135\" height=\"445\" src=\"https:\/\/mytriprwanda.com\/wp-content\/uploads\/2025\/07\/Kigali-Convention-Center-1-e1751982569808.jpg\" class=\"attachment-full size-full wp-image-5743\" alt=\"Guia de viagem de Ruanda\" srcset=\"https:\/\/mytriprwanda.com\/wp-content\/uploads\/2025\/07\/Kigali-Convention-Center-1-e1751982569808.jpg 2135w, https:\/\/mytriprwanda.com\/wp-content\/uploads\/2025\/07\/Kigali-Convention-Center-1-e1751982569808-768x160.jpg 768w, https:\/\/mytriprwanda.com\/wp-content\/uploads\/2025\/07\/Kigali-Convention-Center-1-e1751982569808-600x125.jpg 600w\" sizes=\"(max-width: 2135px) 100vw, 2135px\" \/>\t\t\t\t\t\t\t\t\t\t\t\t\t\t\t<\/div>\n\t\t\t\t<\/div>\n\t\t\t\t<div class=\"elementor-element elementor-element-572c326 elementor-widget elementor-widget-text-editor\" data-id=\"572c326\" data-element_type=\"widget\" data-widget_type=\"text-editor.default\">\n\t\t\t\t<div class=\"elementor-widget-container\">\n\t\t\t\t\t\t\t\t\t<p data-start=\"0\" data-end=\"602\">Qual \u00e9 o custo do passeio de gorila em Ruanda? O trekking com gorilas em Ruanda come\u00e7a com uma taxa de permiss\u00e3o obrigat\u00f3ria de $1.500 por pessoa, que lhe garante acesso aos exuberantes habitats do Parque Nacional dos Vulc\u00f5es e um encontro \u00fanico na vida com os gorilas das montanhas. Taxas adicionais de parque e conserva\u00e7\u00e3o est\u00e3o inclu\u00eddas nesse custo, garantindo a prote\u00e7\u00e3o dessas criaturas magn\u00edficas e de seu habitat. Para maximizar sua experi\u00eancia, guias profissionais acompanham todas as caminhadas, fornecendo informa\u00e7\u00f5es especializadas sobre o comportamento dos gorilas, a flora e a fauna, garantindo sua seguran\u00e7a e conforto durante toda a viagem.<\/p><p data-start=\"604\" data-end=\"1181\" data-is-last-node=\"\" data-is-only-node=\"\">Para os viajantes que buscam uma experi\u00eancia com tudo inclu\u00eddo, nosso <a href=\"https:\/\/mytriprwanda.com\/pt\/st_tour\/1-day-gorilla-trekking-tour-in-volcanoes-national-park-rwanda\/\" target=\"_blank\" rel=\"noopener\">pacote de visita guiada<\/a> come\u00e7a em apenas $1.970 por pessoa. Essa tarifa abrangente cobre sua permiss\u00e3o de gorila, caminhada guiada, traslados terrestres, hospedagem confort\u00e1vel, refei\u00e7\u00f5es e taxas de entrada no parque - eliminando custos ocultos e aborrecimentos log\u00edsticos. Com anos de experi\u00eancia local, nossa empresa cuida de todos os detalhes, desde itiner\u00e1rios personalizados at\u00e9 acomoda\u00e7\u00f5es perfeitas, para que voc\u00ea possa se concentrar na aventura. Reserve hoje mesmo e descubra por que nossos clientes elogiam nosso valor, profissionalismo e os inesquec\u00edveis encontros com gorilas em Ruanda.<\/p>\t\t\t\t\t\t\t\t<\/div>\n\t\t\t\t<\/div>\n\t\t\t\t<div class=\"elementor-element elementor-element-25f9600 elementor-align-left elementor-widget elementor-widget-button\" data-id=\"25f9600\" data-element_type=\"widget\" data-widget_type=\"button.default\">\n\t\t\t\t<div class=\"elementor-widget-container\">\n\t\t\t\t\t\t\t\t\t<div class=\"elementor-button-wrapper\">\n\t\t\t\t\t<a class=\"elementor-button elementor-button-link elementor-size-sm\" href=\"https:\/\/mytriprwanda.com\/pt\/resultado-da-pesquisa-de-turnes\/\">\n\t\t\t\t\t\t<span class=\"elementor-button-content-wrapper\">\n\t\t\t\t\t\t\t\t\t<span class=\"elementor-button-text\">RESERVE SUA VIAGEM<\/span>\n\t\t\t\t\t<\/span>\n\t\t\t\t\t<\/a>\n\t\t\t\t<\/div>\n\t\t\t\t\t\t\t\t<\/div>\n\t\t\t\t<\/div>\n\t\t\t\t\t<\/div>\n\t\t\t\t<\/div>\n\t\t\t\t<\/div>","protected":false},"excerpt":{"rendered":"<p>What is the Gorilla Trekking Cost in Rwanda ? What is the Gorilla Trekking Cost in Rwanda ? Gorilla trekking in Rwanda begins with a mandatory permit fee of $1,500 per person, which grants you access to the lush habitats of the Volcanoes National Park and a once-in-a-lifetime encounter with mountain gorillas. Additional park and [&hellip;]<\/p>","protected":false},"author":1,"featured_media":3757,"parent":0,"menu_order":0,"comment_status":"closed","ping_status":"closed","template":"elementor_header_footer","meta":{"footnotes":""},"class_list":["post-5696","page","type-page","status-publish","has-post-thumbnail","hentry"],"_hostinger_reach_plugin_has_subscription_block":false,"_hostinger_reach_plugin_is_elementor":false,"_links":{"self":[{"href":"https:\/\/mytriprwanda.com\/pt\/wp-json\/wp\/v2\/pages\/5696","targetHints":{"allow":["GET"]}}],"collection":[{"href":"https:\/\/mytriprwanda.com\/pt\/wp-json\/wp\/v2\/pages"}],"about":[{"href":"https:\/\/mytriprwanda.com\/pt\/wp-json\/wp\/v2\/types\/page"}],"author":[{"embeddable":true,"href":"https:\/\/mytriprwanda.com\/pt\/wp-json\/wp\/v2\/users\/1"}],"replies":[{"embeddable":true,"href":"https:\/\/mytriprwanda.com\/pt\/wp-json\/wp\/v2\/comments?post=5696"}],"version-history":[{"count":20,"href":"https:\/\/mytriprwanda.com\/pt\/wp-json\/wp\/v2\/pages\/5696\/revisions"}],"predecessor-version":[{"id":5768,"href":"https:\/\/mytriprwanda.com\/pt\/wp-json\/wp\/v2\/pages\/5696\/revisions\/5768"}],"wp:featuredmedia":[{"embeddable":true,"href":"https:\/\/mytriprwanda.com\/pt\/wp-json\/wp\/v2\/media\/3757"}],"wp:attachment":[{"href":"https:\/\/mytriprwanda.com\/pt\/wp-json\/wp\/v2\/media?parent=5696"}],"curies":[{"name":"wp","href":"https:\/\/api.w.org\/{rel}","templated":true}]}}