{"id":5530,"date":"2024-10-28T03:44:21","date_gmt":"2024-10-28T01:44:21","guid":{"rendered":"https:\/\/mytriprwanda.com\/?page_id=5530"},"modified":"2024-10-28T04:20:22","modified_gmt":"2024-10-28T02:20:22","slug":"invest-in-education","status":"publish","type":"page","link":"https:\/\/mytriprwanda.com\/pt\/investir-em-educacao\/","title":{"rendered":"Investir na Educa\u00e7\u00e3o"},"content":{"rendered":"<div data-elementor-type=\"wp-page\" data-elementor-id=\"5530\" class=\"elementor elementor-5530\" data-elementor-post-type=\"page\">\n\t\t\t\t<div class=\"elementor-element elementor-element-35c0ae9 e-con-full e-flex e-con e-parent\" data-id=\"35c0ae9\" data-element_type=\"container\" data-e-type=\"container\" data-settings=\"{&quot;background_background&quot;:&quot;classic&quot;,&quot;jet_parallax_layout_list&quot;:[]}\">\n\t\t\t\t<div class=\"elementor-element elementor-element-04e53da elementor-widget elementor-widget-heading\" data-id=\"04e53da\" data-element_type=\"widget\" data-e-type=\"widget\" data-widget_type=\"heading.default\">\n\t\t\t\t<div class=\"elementor-widget-container\">\n\t\t\t\t\t<h2 class=\"elementor-heading-title elementor-size-default\">A constru\u00e7\u00e3o de um Conhecimento Orientado Futuro<\/h2>\t\t\t\t<\/div>\n\t\t\t\t<\/div>\n\t\t\t\t<div class=\"elementor-element elementor-element-cda3bbc elementor-widget elementor-widget-text-editor\" data-id=\"cda3bbc\" data-element_type=\"widget\" data-e-type=\"widget\" data-widget_type=\"text-editor.default\">\n\t\t\t\t<div class=\"elementor-widget-container\">\n\t\t\t\t\t\t\t\t\t<p>O investimento na educa\u00e7\u00e3o em Ruanda \u00e9 vital para o crescimento econ\u00f3mico sustent\u00e1vel e redu\u00e7\u00e3o da pobreza. O governo tem feito progressos significativos na melhoria do acesso \u00e0 educa\u00e7\u00e3o, especialmente nas \u00e1reas rurais, com foco no ensino prim\u00e1rio e secund\u00e1rio.\u00a0<\/p>\t\t\t\t\t\t\t\t<\/div>\n\t\t\t\t<\/div>\n\t\t\t\t<\/div>\n\t\t<div class=\"elementor-element elementor-element-990f9ce e-con-full e-flex e-con e-parent\" data-id=\"990f9ce\" data-element_type=\"container\" data-e-type=\"container\" data-settings=\"{&quot;background_background&quot;:&quot;classic&quot;,&quot;jet_parallax_layout_list&quot;:[]}\">\n\t\t\t\t<div class=\"elementor-element elementor-element-4da3f61 e-n-tabs-mobile elementor-widget elementor-widget-n-tabs\" data-id=\"4da3f61\" data-element_type=\"widget\" data-e-type=\"widget\" data-settings=\"{&quot;tabs_justify_horizontal&quot;:&quot;start&quot;,&quot;horizontal_scroll&quot;:&quot;disable&quot;}\" data-widget_type=\"nested-tabs.default\">\n\t\t\t\t<div class=\"elementor-widget-container\">\n\t\t\t\t\t\t\t<div class=\"e-n-tabs\" data-widget-number=\"81411937\" aria-label=\"Guias. Abrir os itens com Enter ou Espa\u00e7o, fechar com o Escape e navegar usando as teclas de Seta.\">\n\t\t\t<div class=\"e-n-tabs-heading\" role=\"tablist\">\n\t\t\t\t\t<button id=\"e-n-tab-title-814119371\" data-tab-title-id=\"e-n-tab-title-814119371\" class=\"e-n-tab-title\" aria-selected=\"true\" data-tab-index=\"1\" role=\"tab\" tabindex=\"0\" aria-controls=\"e-n-tab-content-814119371\" style=\"--n-tabs-title-order: 1;\">\n\t\t\t\t\t\t<span class=\"e-n-tab-title-text\">\n\t\t\t\tVis\u00e3o geral\t\t\t<\/span>\n\t\t<\/button>\n\t\t\t\t<button id=\"e-n-tab-title-814119372\" data-tab-title-id=\"e-n-tab-title-814119372\" class=\"e-n-tab-title\" aria-selected=\"false\" data-tab-index=\"2\" role=\"tab\" tabindex=\"-1\" aria-controls=\"e-n-tab-content-814119372\" style=\"--n-tabs-title-order: 2;\">\n\t\t\t\t\t\t<span class=\"e-n-tab-title-text\">\n\t\t\t\tVagas \t\t\t<\/span>\n\t\t<\/button>\n\t\t\t\t<button id=\"e-n-tab-title-814119373\" data-tab-title-id=\"e-n-tab-title-814119373\" class=\"e-n-tab-title\" aria-selected=\"false\" data-tab-index=\"3\" role=\"tab\" tabindex=\"-1\" aria-controls=\"e-n-tab-content-814119373\" style=\"--n-tabs-title-order: 3;\">\n\t\t\t\t\t\t<span class=\"e-n-tab-title-text\">\n\t\t\t\tIncentivos\t\t\t<\/span>\n\t\t<\/button>\n\t\t\t\t\t<\/div>\n\t\t\t<div class=\"e-n-tabs-content\">\n\t\t\t\t<div id=\"e-n-tab-content-814119371\" role=\"tabpanel\" aria-labelledby=\"e-n-tab-title-814119371\" data-tab-index=\"1\" style=\"--n-tabs-title-order: 1;\" class=\"e-active elementor-element elementor-element-a3f6643 e-con-full e-flex e-con e-child\" data-id=\"a3f6643\" data-element_type=\"container\" data-e-type=\"container\" data-settings=\"{&quot;jet_parallax_layout_list&quot;:[]}\">\n\t\t\t\t<div class=\"elementor-element elementor-element-e2c3509 elementor-widget elementor-widget-heading\" data-id=\"e2c3509\" data-element_type=\"widget\" data-e-type=\"widget\" data-widget_type=\"heading.default\">\n\t\t\t\t<div class=\"elementor-widget-container\">\n\t\t\t\t\t<h2 class=\"elementor-heading-title elementor-size-default\">Construir Um Futuro Brilhante<\/h2>\t\t\t\t<\/div>\n\t\t\t\t<\/div>\n\t\t\t\t<div class=\"elementor-element elementor-element-e13b822 elementor-widget elementor-widget-image\" data-id=\"e13b822\" data-element_type=\"widget\" data-e-type=\"widget\" data-widget_type=\"image.default\">\n\t\t\t\t<div class=\"elementor-widget-container\">\n\t\t\t\t\t\t\t\t\t\t\t\t\t\t\t<img fetchpriority=\"high\" decoding=\"async\" width=\"1024\" height=\"1024\" src=\"https:\/\/mytriprwanda.com\/wp-content\/uploads\/2024\/10\/invest_in_education_rwanda-1-1024x1024.webp\" class=\"attachment-large size-large wp-image-5012\" alt=\"\" srcset=\"https:\/\/mytriprwanda.com\/wp-content\/uploads\/2024\/10\/invest_in_education_rwanda-1-1024x1024.webp 1024w, https:\/\/mytriprwanda.com\/wp-content\/uploads\/2024\/10\/invest_in_education_rwanda-1-300x300.webp 300w, https:\/\/mytriprwanda.com\/wp-content\/uploads\/2024\/10\/invest_in_education_rwanda-1-150x150.webp 150w, https:\/\/mytriprwanda.com\/wp-content\/uploads\/2024\/10\/invest_in_education_rwanda-1-1536x1536.webp 1536w, https:\/\/mytriprwanda.com\/wp-content\/uploads\/2024\/10\/invest_in_education_rwanda-1-2048x2048.webp 2048w, https:\/\/mytriprwanda.com\/wp-content\/uploads\/2024\/10\/invest_in_education_rwanda-1-100x100.webp 100w\" sizes=\"(max-width: 1024px) 100vw, 1024px\" \/>\t\t\t\t\t\t\t\t\t\t\t\t\t\t\t<\/div>\n\t\t\t\t<\/div>\n\t\t\t\t<div class=\"elementor-element elementor-element-94ae2a9 elementor-widget elementor-widget-text-editor\" data-id=\"94ae2a9\" data-element_type=\"widget\" data-e-type=\"widget\" data-widget_type=\"text-editor.default\">\n\t\t\t\t<div class=\"elementor-widget-container\">\n\t\t\t\t\t\t\t\t\t<p>Iniciativas como \"Salas de aula Inteligentes\" e parcerias com empresas de tecnologia est\u00e3o levando a alfabetiza\u00e7\u00e3o digital e a colmatar o gap de compet\u00eancias. Investir na forma\u00e7\u00e3o de professores, HASTE de programas, de forma\u00e7\u00e3o profissional, contribui para o Ruanda a miss\u00e3o de equipar os jovens com habilidades que correspondam \u00e0s exig\u00eancias de uma economia moderna, o fomento de uma gera\u00e7\u00e3o capaz de liderar o pa\u00eds do progresso em dire\u00e7\u00e3o a uma orientadas para o conhecimento futuro.<\/p>\t\t\t\t\t\t\t\t<\/div>\n\t\t\t\t<\/div>\n\t\t\t\t<\/div>\n\t\t<div id=\"e-n-tab-content-814119372\" role=\"tabpanel\" aria-labelledby=\"e-n-tab-title-814119372\" data-tab-index=\"2\" style=\"--n-tabs-title-order: 2;\" class=\"elementor-element elementor-element-edc3e00 e-con-full e-flex e-con e-child\" data-id=\"edc3e00\" data-element_type=\"container\" data-e-type=\"container\" data-settings=\"{&quot;jet_parallax_layout_list&quot;:[]}\">\n\t\t\t\t<div class=\"elementor-element elementor-element-59948f9 elementor-widget elementor-widget-n-accordion\" data-id=\"59948f9\" data-element_type=\"widget\" data-e-type=\"widget\" data-settings=\"{&quot;default_state&quot;:&quot;expanded&quot;,&quot;max_items_expended&quot;:&quot;one&quot;,&quot;n_accordion_animation_duration&quot;:{&quot;unit&quot;:&quot;ms&quot;,&quot;size&quot;:400,&quot;sizes&quot;:[]}}\" data-widget_type=\"nested-accordion.default\">\n\t\t\t\t<div class=\"elementor-widget-container\">\n\t\t\t\t\t\t\t<div class=\"e-n-accordion\" aria-label=\"Acorde\u00e3o. Abrir links com Enter ou Espa\u00e7o, fechar com o Escape, e navegue com as Teclas de Seta\">\n\t\t\t\t\t\t<details id=\"e-n-accordion-item-9390\" class=\"e-n-accordion-item\" open>\n\t\t\t\t<summary class=\"e-n-accordion-item-title\" data-accordion-index=\"1\" tabindex=\"0\" aria-expanded=\"true\" aria-controls=\"e-n-accordion-item-9390\" >\n\t\t\t\t\t<span class='e-n-accordion-item-title-header'><div class=\"e-n-accordion-item-title-text\"> O Ensino t\u00e9cnico e Profissional e de Forma\u00e7\u00e3o <\/div><\/span>\n\t\t\t\t\t\t\t<span class='e-n-accordion-item-title-icon'>\n\t\t\t<span class='e-opened' ><i aria-hidden=\"true\" class=\"icon icon-sewing-machine\"><\/i><\/span>\n\t\t\t<span class='e-closed'><i aria-hidden=\"true\" class=\"icon icon-sewing-machine\"><\/i><\/span>\n\t\t<\/span>\n\n\t\t\t\t\t\t<\/summary>\n\t\t\t\t<div role=\"region\" aria-labelledby=\"e-n-accordion-item-9390\" class=\"elementor-element elementor-element-960610f e-con-full e-flex e-con e-child\" data-id=\"960610f\" data-element_type=\"container\" data-e-type=\"container\" data-settings=\"{&quot;jet_parallax_layout_list&quot;:[]}\">\n\t\t\t\t<div class=\"elementor-element elementor-element-3d9fff8 elementor-widget elementor-widget-text-editor\" data-id=\"3d9fff8\" data-element_type=\"widget\" data-e-type=\"widget\" data-widget_type=\"text-editor.default\">\n\t\t\t\t<div class=\"elementor-widget-container\">\n\t\t\t\t\t\t\t\t\t<ul><li><strong>A Expans\u00e3o Da Infraestrutura:<\/strong> Investir na constru\u00e7\u00e3o de novas institui\u00e7\u00f5es EFTV em Ruanda para aumentar a acessibilidade e a qualidade do treinamento hands-on.<\/li><li><strong>Mercado De Trabalho-Vinculado Programas:<\/strong> Desenvolver e introduzir novos curr\u00edculos que alinha diretamente com o mercado de trabalho necessita para aumentar a empregabilidade.<\/li><\/ul>\t\t\t\t\t\t\t\t<\/div>\n\t\t\t\t<\/div>\n\t\t\t\t<\/div>\n\t\t\t\t\t<\/details>\n\t\t\t\t\t<\/div>\n\t\t\t\t\t\t<\/div>\n\t\t\t\t<\/div>\n\t\t\t\t<div class=\"elementor-element elementor-element-249d20b elementor-widget elementor-widget-n-accordion\" data-id=\"249d20b\" data-element_type=\"widget\" data-e-type=\"widget\" data-settings=\"{&quot;default_state&quot;:&quot;all_collapsed&quot;,&quot;max_items_expended&quot;:&quot;one&quot;,&quot;n_accordion_animation_duration&quot;:{&quot;unit&quot;:&quot;ms&quot;,&quot;size&quot;:400,&quot;sizes&quot;:[]}}\" data-widget_type=\"nested-accordion.default\">\n\t\t\t\t<div class=\"elementor-widget-container\">\n\t\t\t\t\t\t\t<div class=\"e-n-accordion\" aria-label=\"Acorde\u00e3o. Abrir links com Enter ou Espa\u00e7o, fechar com o Escape, e navegue com as Teclas de Seta\">\n\t\t\t\t\t\t<details id=\"e-n-accordion-item-3830\" class=\"e-n-accordion-item\" >\n\t\t\t\t<summary class=\"e-n-accordion-item-title\" data-accordion-index=\"1\" tabindex=\"0\" aria-expanded=\"false\" aria-controls=\"e-n-accordion-item-3830\" >\n\t\t\t\t\t<span class='e-n-accordion-item-title-header'><div class=\"e-n-accordion-item-title-text\"> As TIC na Educa\u00e7\u00e3o <\/div><\/span>\n\t\t\t\t\t\t\t<span class='e-n-accordion-item-title-icon'>\n\t\t\t<span class='e-opened' ><i aria-hidden=\"true\" class=\"icon icon-Computer\"><\/i><\/span>\n\t\t\t<span class='e-closed'><i aria-hidden=\"true\" class=\"icon icon-Computer\"><\/i><\/span>\n\t\t<\/span>\n\n\t\t\t\t\t\t<\/summary>\n\t\t\t\t<div role=\"region\" aria-labelledby=\"e-n-accordion-item-3830\" class=\"elementor-element elementor-element-b07e6c3 e-con-full e-flex e-con e-child\" data-id=\"b07e6c3\" data-element_type=\"container\" data-e-type=\"container\" data-settings=\"{&quot;jet_parallax_layout_list&quot;:[]}\">\n\t\t\t\t<div class=\"elementor-element elementor-element-7ab385d elementor-widget elementor-widget-text-editor\" data-id=\"7ab385d\" data-element_type=\"widget\" data-e-type=\"widget\" data-widget_type=\"text-editor.default\">\n\t\t\t\t<div class=\"elementor-widget-container\">\n\t\t\t\t\t\t\t\t\t<ul><li><strong>Smart Sala De Aula De Desenvolvimento:<\/strong> Equipar salas de aula com ferramentas digitais para suporte interativo, moderno e de aprendizagem.<\/li><li><strong>E-Learning e Cria\u00e7\u00e3o de Conte\u00fado Digital:<\/strong> Existem oportunidades para envolver a cria\u00e7\u00e3o de plataformas de e-learning e de conte\u00fados digitais adaptados para o Ruanda, o sistema de educa\u00e7\u00e3o.<\/li><li><strong>A Forma\u00e7\u00e3o em TIC para professores:<\/strong> Refor\u00e7ar a compet\u00eancia dos professores em tecnologia em todos os n\u00edveis de ensino especializada programas de capacita\u00e7\u00e3o em TICS.<\/li><\/ul>\t\t\t\t\t\t\t\t<\/div>\n\t\t\t\t<\/div>\n\t\t\t\t<\/div>\n\t\t\t\t\t<\/details>\n\t\t\t\t\t<\/div>\n\t\t\t\t\t\t<\/div>\n\t\t\t\t<\/div>\n\t\t\t\t<div class=\"elementor-element elementor-element-8a75205 elementor-widget elementor-widget-n-accordion\" data-id=\"8a75205\" data-element_type=\"widget\" data-e-type=\"widget\" data-settings=\"{&quot;default_state&quot;:&quot;all_collapsed&quot;,&quot;max_items_expended&quot;:&quot;one&quot;,&quot;n_accordion_animation_duration&quot;:{&quot;unit&quot;:&quot;ms&quot;,&quot;size&quot;:400,&quot;sizes&quot;:[]}}\" data-widget_type=\"nested-accordion.default\">\n\t\t\t\t<div class=\"elementor-widget-container\">\n\t\t\t\t\t\t\t<div class=\"e-n-accordion\" aria-label=\"Acorde\u00e3o. Abrir links com Enter ou Espa\u00e7o, fechar com o Escape, e navegue com as Teclas de Seta\">\n\t\t\t\t\t\t<details id=\"e-n-accordion-item-1450\" class=\"e-n-accordion-item\" >\n\t\t\t\t<summary class=\"e-n-accordion-item-title\" data-accordion-index=\"1\" tabindex=\"0\" aria-expanded=\"false\" aria-controls=\"e-n-accordion-item-1450\" >\n\t\t\t\t\t<span class='e-n-accordion-item-title-header'><div class=\"e-n-accordion-item-title-text\"> Ensino superior e da Investiga\u00e7\u00e3o <\/div><\/span>\n\t\t\t\t\t\t\t<span class='e-n-accordion-item-title-icon'>\n\t\t\t<span class='e-opened' ><svg aria-hidden=\"true\" class=\"e-font-icon-svg e-fas-home\" viewbox=\"0 0 576 512\" xmlns=\"http:\/\/www.w3.org\/2000\/svg\"><path d=\"M280.37 148.26L96 300.11V464a16 16 0 0 0 16 16l112.06-.29a16 16 0 0 0 15.92-16V368a16 16 0 0 1 16-16h64a16 16 0 0 1 16 16v95.64a16 16 0 0 0 16 16.05L464 480a16 16 0 0 0 16-16V300L295.67 148.26a12.19 12.19 0 0 0-15.3 0zM571.6 251.47L488 182.56V44.05a12 12 0 0 0-12-12h-56a12 12 0 0 0-12 12v72.61L318.47 43a48 48 0 0 0-61 0L4.34 251.47a12 12 0 0 0-1.6 16.9l25.5 31A12 12 0 0 0 45.15 301l235.22-193.74a12.19 12.19 0 0 1 15.3 0L530.9 301a12 12 0 0 0 16.9-1.6l25.5-31a12 12 0 0 0-1.7-16.93z\"><\/path><\/svg><\/span>\n\t\t\t<span class='e-closed'><svg aria-hidden=\"true\" class=\"e-font-icon-svg e-fas-hospital-symbol\" viewbox=\"0 0 512 512\" xmlns=\"http:\/\/www.w3.org\/2000\/svg\"><path d=\"M256 0C114.6 0 0 114.6 0 256s114.6 256 256 256 256-114.6 256-256S397.4 0 256 0zm112 376c0 4.4-3.6 8-8 8h-48c-4.4 0-8-3.6-8-8v-88h-96v88c0 4.4-3.6 8-8 8h-48c-4.4 0-8-3.6-8-8V136c0-4.4 3.6-8 8-8h48c4.4 0 8 3.6 8 8v88h96v-88c0-4.4 3.6-8 8-8h48c4.4 0 8 3.6 8 8v240z\"><\/path><\/svg><\/span>\n\t\t<\/span>\n\n\t\t\t\t\t\t<\/summary>\n\t\t\t\t<div role=\"region\" aria-labelledby=\"e-n-accordion-item-1450\" class=\"elementor-element elementor-element-a325973 e-con-full e-flex e-con e-child\" data-id=\"a325973\" data-element_type=\"container\" data-e-type=\"container\" data-settings=\"{&quot;jet_parallax_layout_list&quot;:[]}\">\n\t\t\t\t<div class=\"elementor-element elementor-element-b7eb153 elementor-widget elementor-widget-text-editor\" data-id=\"b7eb153\" data-element_type=\"widget\" data-e-type=\"widget\" data-widget_type=\"text-editor.default\">\n\t\t\t\t<div class=\"elementor-widget-container\">\n\t\t\t\t\t\t\t\t\t<ul><li><strong>Universidade Internacional Campi:<\/strong> Incentivar universidades estrangeiras para estabelecer campi em Ruanda, refor\u00e7ar a qualidade do ensino superior e atrair a aten\u00e7\u00e3o de estudantes.<\/li><li><strong>Estudante De Desenvolvimento De Habita\u00e7\u00e3o:<\/strong> Construir e gerir privada e p\u00fablica da universidade de pousadas para atender \u00e0 crescente demanda por acomoda\u00e7\u00f5es para estudantes.<\/li><\/ul>\t\t\t\t\t\t\t\t<\/div>\n\t\t\t\t<\/div>\n\t\t\t\t<\/div>\n\t\t\t\t\t<\/details>\n\t\t\t\t\t<\/div>\n\t\t\t\t\t\t<\/div>\n\t\t\t\t<\/div>\n\t\t\t\t<\/div>\n\t\t<div id=\"e-n-tab-content-814119373\" role=\"tabpanel\" aria-labelledby=\"e-n-tab-title-814119373\" data-tab-index=\"3\" style=\"--n-tabs-title-order: 3;\" class=\"elementor-element elementor-element-3693cef e-con-full e-flex e-con e-child\" data-id=\"3693cef\" data-element_type=\"container\" data-e-type=\"container\" data-settings=\"{&quot;jet_parallax_layout_list&quot;:[]}\">\n\t\t\t\t<div class=\"elementor-element elementor-element-77296cf elementor-widget elementor-widget-heading\" data-id=\"77296cf\" data-element_type=\"widget\" data-e-type=\"widget\" data-widget_type=\"heading.default\">\n\t\t\t\t<div class=\"elementor-widget-container\">\n\t\t\t\t\t<h2 class=\"elementor-heading-title elementor-size-default\">Estes incentivos oferecer vantagens financeiras para as empresas dedicadas a melhorar Ruanda cen\u00e1rio educacional<\/h2>\t\t\t\t<\/div>\n\t\t\t\t<\/div>\n\t\t\t\t<div class=\"elementor-element elementor-element-760825c elementor-widget elementor-widget-text-editor\" data-id=\"760825c\" data-element_type=\"widget\" data-e-type=\"widget\" data-widget_type=\"text-editor.default\">\n\t\t\t\t<div class=\"elementor-widget-container\">\n\t\t\t\t\t\t\t\t\t<ul><li><p><strong>Imposto Sobre O Rendimento Das F\u00e9rias:<\/strong> Investidores eleg\u00edveis podem receber at\u00e9 7 anos de isen\u00e7\u00e3o fiscal para investimentos de pelo menos us $50 milh\u00f5es.<\/p><\/li><li><p><strong>A Deprecia\u00e7\u00e3o Acelerada:<\/strong> Os investidores podem aplicar 50% de deprecia\u00e7\u00e3o acelerada taxa seus recursos educacionais, no primeiro ano, permitindo uma mais r\u00e1pida recupera\u00e7\u00e3o de ativos.<\/p><\/li><li><p><strong>O trabalho de Flexibilidade para os Investidores Estrangeiros:<\/strong> As empresas estrangeiras a investir um m\u00ednimo de us $250.000 em Ruanda pode contratar at\u00e9 tr\u00eas expatriados sem um mercado de trabalho de teste, facilitando o recrutamento de conhecimentos essenciais.<\/p><\/li><li><p><strong>Isen\u00e7\u00e3o de IVA sobre a Educa\u00e7\u00e3o de Equipamentos:<\/strong> Materiais importados especificamente para o Ensino T\u00e9cnico e Profissional e da Forma\u00e7\u00e3o profissional (EFTP) est\u00e3o isentos de IVA, reduzindo os custos de infra-estrutura educacional e tecnologia.<\/p><\/li><\/ul>\t\t\t\t\t\t\t\t<\/div>\n\t\t\t\t<\/div>\n\t\t\t\t<\/div>\n\t\t\t\t\t<\/div>\n\t\t<\/div>\n\t\t\t\t\t\t<\/div>\n\t\t\t\t<\/div>\n\t\t\t\t<\/div>\n\t\t\t\t<\/div>","protected":false},"excerpt":{"rendered":"<p>Building a Knowledge-Driven Future Investing in education in Rwanda is vital for sustainable economic growth and poverty reduction. The government has made significant strides in enhancing access to education, especially in rural areas, with a focus on primary and secondary schooling. Overview Openings Incentives Build A Bright Future Initiatives such as \u201cSmart Classrooms\u201d and partnerships [&hellip;]<\/p>\n","protected":false},"author":1,"featured_media":5381,"parent":0,"menu_order":0,"comment_status":"closed","ping_status":"closed","template":"elementor_header_footer","meta":{"footnotes":""},"class_list":["post-5530","page","type-page","status-publish","has-post-thumbnail","hentry"],"_hostinger_reach_plugin_has_subscription_block":false,"_hostinger_reach_plugin_is_elementor":false,"_links":{"self":[{"href":"https:\/\/mytriprwanda.com\/pt\/wp-json\/wp\/v2\/pages\/5530","targetHints":{"allow":["GET"]}}],"collection":[{"href":"https:\/\/mytriprwanda.com\/pt\/wp-json\/wp\/v2\/pages"}],"about":[{"href":"https:\/\/mytriprwanda.com\/pt\/wp-json\/wp\/v2\/types\/page"}],"author":[{"embeddable":true,"href":"https:\/\/mytriprwanda.com\/pt\/wp-json\/wp\/v2\/users\/1"}],"replies":[{"embeddable":true,"href":"https:\/\/mytriprwanda.com\/pt\/wp-json\/wp\/v2\/comments?post=5530"}],"version-history":[{"count":0,"href":"https:\/\/mytriprwanda.com\/pt\/wp-json\/wp\/v2\/pages\/5530\/revisions"}],"wp:featuredmedia":[{"embeddable":true,"href":"https:\/\/mytriprwanda.com\/pt\/wp-json\/wp\/v2\/media\/5381"}],"wp:attachment":[{"href":"https:\/\/mytriprwanda.com\/pt\/wp-json\/wp\/v2\/media?parent=5530"}],"curies":[{"name":"wp","href":"https:\/\/api.w.org\/{rel}","templated":true}]}}