{"id":3,"date":"2024-01-27T03:14:10","date_gmt":"2024-01-27T03:14:10","guid":{"rendered":"https:\/\/mytriprwanda.com\/?page_id=3"},"modified":"2024-01-31T23:57:45","modified_gmt":"2024-01-31T23:57:45","slug":"privacy-policy","status":"publish","type":"page","link":"https:\/\/mytriprwanda.com\/pt\/politica-de-privacidade\/","title":{"rendered":"Pol\u00edtica de privacidade"},"content":{"rendered":"<div data-elementor-type=\"wp-page\" data-elementor-id=\"3\" class=\"elementor elementor-3\" data-elementor-post-type=\"page\">\n\t\t\t\t<div class=\"elementor-element elementor-element-7df185d e-flex e-con-boxed e-con e-parent\" data-id=\"7df185d\" data-element_type=\"container\" data-e-type=\"container\" data-settings=\"{&quot;jet_parallax_layout_list&quot;:[]}\">\n\t\t\t\t\t<div class=\"e-con-inner\">\n\t\t\t\t<div class=\"elementor-element elementor-element-6078d86 elementor-widget elementor-widget-heading\" data-id=\"6078d86\" data-element_type=\"widget\" data-e-type=\"widget\" data-widget_type=\"heading.default\">\n\t\t\t\t<div class=\"elementor-widget-container\">\n\t\t\t\t\t<h2 class=\"elementor-heading-title elementor-size-default\">Pol\u00edtica de privacidade para My Trip To Rwanda<\/h2>\t\t\t\t<\/div>\n\t\t\t\t<\/div>\n\t\t\t\t\t<\/div>\n\t\t\t\t<\/div>\n\t\t<div class=\"elementor-element elementor-element-8b6d37b e-flex e-con-boxed e-con e-parent\" data-id=\"8b6d37b\" data-element_type=\"container\" data-e-type=\"container\" data-settings=\"{&quot;jet_parallax_layout_list&quot;:[]}\">\n\t\t\t\t\t<div class=\"e-con-inner\">\n\t\t<div class=\"elementor-element elementor-element-7b28f76 e-flex e-con-boxed e-con e-child\" data-id=\"7b28f76\" data-element_type=\"container\" data-e-type=\"container\" data-settings=\"{&quot;jet_parallax_layout_list&quot;:[]}\">\n\t\t\t\t\t<div class=\"e-con-inner\">\n\t\t\t\t<div class=\"elementor-element elementor-element-1a4c9b1 elementor-widget elementor-widget-text-editor\" data-id=\"1a4c9b1\" data-element_type=\"widget\" data-e-type=\"widget\" data-widget_type=\"text-editor.default\">\n\t\t\t\t<div class=\"elementor-widget-container\">\n\t\t\t\t\t\t\t\t\t<p>Ol\u00e1, incr\u00edveis aventureiros! Bem-vindo \u00e0 fam\u00edlia My Trip To Rwanda! Estamos muito felizes por t\u00ea-lo conosco nesta jornada emocionante. Sua privacidade \u00e9 muito importante para n\u00f3s, por isso elaboramos esta pol\u00edtica de privacidade detalhada para explicar como coletamos, usamos e protegemos suas informa\u00e7\u00f5es. Vamos mergulhar e explorar juntos!<\/p>\t\t\t\t\t\t\t\t<\/div>\n\t\t\t\t<\/div>\n\t\t\t\t<div class=\"elementor-element elementor-element-d7528b8 elementor-widget elementor-widget-heading\" data-id=\"d7528b8\" data-element_type=\"widget\" data-e-type=\"widget\" data-widget_type=\"heading.default\">\n\t\t\t\t<div class=\"elementor-widget-container\">\n\t\t\t\t\t<h4 class=\"elementor-heading-title elementor-size-default\">1. Informa\u00e7\u00f5es que coletamos:<\/h4>\t\t\t\t<\/div>\n\t\t\t\t<\/div>\n\t\t\t\t<div class=\"elementor-element elementor-element-91d01a1 elementor-widget elementor-widget-text-editor\" data-id=\"91d01a1\" data-element_type=\"widget\" data-e-type=\"widget\" data-widget_type=\"text-editor.default\">\n\t\t\t\t<div class=\"elementor-widget-container\">\n\t\t\t\t\t\t\t\t\t<p>Quando voc\u00ea se inscreve no My Trip To Rwanda, coletamos v\u00e1rios tipos de informa\u00e7\u00f5es para aprimorar sua experi\u00eancia de viagem. Isso inclui:<\/p>\n<ul>\n<li>Informa\u00e7\u00f5es pessoais: Seu nome, endere\u00e7o de e-mail e detalhes de contato s\u00e3o coletados para criar sua conta e mant\u00ea-lo atualizado sobre as pr\u00f3ximas aventuras.<\/li>\n<li>Prefer\u00eancias de viagem: Podemos perguntar sobre suas prefer\u00eancias de viagem, como destinos, atividades e tipos de acomoda\u00e7\u00e3o preferidos, para personalizar suas recomenda\u00e7\u00f5es de viagem.<\/li>\n<\/ul>\t\t\t\t\t\t\t\t<\/div>\n\t\t\t\t<\/div>\n\t\t\t\t<div class=\"elementor-element elementor-element-23e3474 elementor-widget elementor-widget-heading\" data-id=\"23e3474\" data-element_type=\"widget\" data-e-type=\"widget\" data-widget_type=\"heading.default\">\n\t\t\t\t<div class=\"elementor-widget-container\">\n\t\t\t\t\t<h4 class=\"elementor-heading-title elementor-size-default\">2. Como usamos suas informa\u00e7\u00f5es:<\/h4>\t\t\t\t<\/div>\n\t\t\t\t<\/div>\n\t\t\t\t<div class=\"elementor-element elementor-element-97c7a55 elementor-widget elementor-widget-text-editor\" data-id=\"97c7a55\" data-element_type=\"widget\" data-e-type=\"widget\" data-widget_type=\"text-editor.default\">\n\t\t\t\t<div class=\"elementor-widget-container\">\n\t\t\t\t\t\t\t\t\t<p>Usamos as informa\u00e7\u00f5es que coletamos de v\u00e1rias maneiras para lhe proporcionar a melhor experi\u00eancia de viagem poss\u00edvel:<\/p>\n<ul>\n<li>Personaliza\u00e7\u00e3o: Seu nome e prefer\u00eancias de viagem nos ajudam a personalizar nossas recomenda\u00e7\u00f5es e comunica\u00e7\u00f5es de acordo com seus interesses.<\/li>\n<li>Comunica\u00e7\u00e3o: Usamos seu endere\u00e7o de e-mail para lhe enviar atualiza\u00e7\u00f5es importantes, dicas de viagem e ofertas exclusivas relacionadas ao My Trip To Rwanda.<\/li>\n<li>Planejamento de viagem: Suas prefer\u00eancias de viagem nos ajudam a criar itiner\u00e1rios personalizados e sugerir destinos e atividades interessantes com base em seus interesses.<\/li>\n<\/ul>\t\t\t\t\t\t\t\t<\/div>\n\t\t\t\t<\/div>\n\t\t\t\t<div class=\"elementor-element elementor-element-e37a8bd elementor-widget elementor-widget-heading\" data-id=\"e37a8bd\" data-element_type=\"widget\" data-e-type=\"widget\" data-widget_type=\"heading.default\">\n\t\t\t\t<div class=\"elementor-widget-container\">\n\t\t\t\t\t<h4 class=\"elementor-heading-title elementor-size-default\">3. Compartilhamento de suas informa\u00e7\u00f5es:<\/h4>\t\t\t\t<\/div>\n\t\t\t\t<\/div>\n\t\t\t\t<div class=\"elementor-element elementor-element-2aef1cc elementor-widget elementor-widget-text-editor\" data-id=\"2aef1cc\" data-element_type=\"widget\" data-e-type=\"widget\" data-widget_type=\"text-editor.default\">\n\t\t\t\t<div class=\"elementor-widget-container\">\n\t\t\t\t\t\t\t\t\t<p>Valorizamos sua confian\u00e7a e s\u00f3 compartilhamos suas informa\u00e7\u00f5es em circunst\u00e2ncias limitadas:<\/p>\n<ul>\n<li>Parceiros de confian\u00e7a: Podemos compartilhar suas informa\u00e7\u00f5es com parceiros confi\u00e1veis, como operadoras de turismo, provedores de hospedagem e empresas de transporte, para facilitar as reservas e aprimorar sua experi\u00eancia de viagem.<\/li>\n<li>Requisitos legais: Podemos divulgar suas informa\u00e7\u00f5es em resposta a solicita\u00e7\u00f5es legais, ordens judiciais ou para cumprir as leis e os regulamentos aplic\u00e1veis.<\/li>\n<\/ul>\t\t\t\t\t\t\t\t<\/div>\n\t\t\t\t<\/div>\n\t\t\t\t<div class=\"elementor-element elementor-element-4391085 elementor-widget elementor-widget-heading\" data-id=\"4391085\" data-element_type=\"widget\" data-e-type=\"widget\" data-widget_type=\"heading.default\">\n\t\t\t\t<div class=\"elementor-widget-container\">\n\t\t\t\t\t<h4 class=\"elementor-heading-title elementor-size-default\">4. Cookies e tecnologias de rastreamento:<\/h4>\t\t\t\t<\/div>\n\t\t\t\t<\/div>\n\t\t\t\t<div class=\"elementor-element elementor-element-5dd00ed elementor-widget elementor-widget-text-editor\" data-id=\"5dd00ed\" data-element_type=\"widget\" data-e-type=\"widget\" data-widget_type=\"text-editor.default\">\n\t\t\t\t<div class=\"elementor-widget-container\">\n\t\t\t\t\t\t\t\t\t<p>Nosso site usa cookies e outras tecnologias de rastreamento para aprimorar sua experi\u00eancia de navega\u00e7\u00e3o e coletar informa\u00e7\u00f5es sobre como voc\u00ea interage com nosso site. Isso inclui:<\/p>\n<ul>\n<li>Cookies anal\u00edticos: Esses cookies nos ajudam a analisar o tr\u00e1fego do site, acompanhar o envolvimento do usu\u00e1rio e melhorar o desempenho do nosso site.<\/li>\n<li>Cookies de publicidade: Podemos usar cookies para exibir an\u00fancios personalizados com base em seus interesses e comportamento de navega\u00e7\u00e3o.<\/li>\n<\/ul>\n<p>Ao usar nosso site, voc\u00ea concorda com o uso de cookies de acordo com nossa Pol\u00edtica de Cookies.<\/p>\t\t\t\t\t\t\t\t<\/div>\n\t\t\t\t<\/div>\n\t\t\t\t<div class=\"elementor-element elementor-element-7b0586a elementor-widget elementor-widget-heading\" data-id=\"7b0586a\" data-element_type=\"widget\" data-e-type=\"widget\" data-widget_type=\"heading.default\">\n\t\t\t\t<div class=\"elementor-widget-container\">\n\t\t\t\t\t<h4 class=\"elementor-heading-title elementor-size-default\">5. Suas escolhas:<\/h4>\t\t\t\t<\/div>\n\t\t\t\t<\/div>\n\t\t\t\t<div class=\"elementor-element elementor-element-ee4ce7c elementor-widget elementor-widget-text-editor\" data-id=\"ee4ce7c\" data-element_type=\"widget\" data-e-type=\"widget\" data-widget_type=\"text-editor.default\">\n\t\t\t\t<div class=\"elementor-widget-container\">\n\t\t\t\t\t\t\t\t\t<p>Voc\u00ea tem o poder de controlar suas informa\u00e7\u00f5es e prefer\u00eancias:<\/p>\n<ul>\n<li>Configura\u00e7\u00f5es da conta: Voc\u00ea pode atualizar suas informa\u00e7\u00f5es pessoais e prefer\u00eancias de comunica\u00e7\u00e3o a qualquer momento, acessando as configura\u00e7\u00f5es da sua conta.<\/li>\n<li>Desativa\u00e7\u00e3o: Voc\u00ea tem a op\u00e7\u00e3o de optar por n\u00e3o receber e-mails promocionais e an\u00fancios personalizados ajustando suas prefer\u00eancias nas configura\u00e7\u00f5es de sua conta ou cancelando a inscri\u00e7\u00e3o em nossa lista de e-mails.<\/li>\n<\/ul>\t\t\t\t\t\t\t\t<\/div>\n\t\t\t\t<\/div>\n\t\t\t\t<div class=\"elementor-element elementor-element-f1758e5 elementor-widget elementor-widget-heading\" data-id=\"f1758e5\" data-element_type=\"widget\" data-e-type=\"widget\" data-widget_type=\"heading.default\">\n\t\t\t\t<div class=\"elementor-widget-container\">\n\t\t\t\t\t<h4 class=\"elementor-heading-title elementor-size-default\">6. Seguran\u00e7a de dados:<\/h4>\t\t\t\t<\/div>\n\t\t\t\t<\/div>\n\t\t\t\t<div class=\"elementor-element elementor-element-c17ef29 elementor-widget elementor-widget-text-editor\" data-id=\"c17ef29\" data-element_type=\"widget\" data-e-type=\"widget\" data-widget_type=\"text-editor.default\">\n\t\t\t\t<div class=\"elementor-widget-container\">\n\t\t\t\t\t\t\t\t\t<p>Levamos a seguran\u00e7a dos dados a s\u00e9rio e implementamos medidas robustas para proteger suas informa\u00e7\u00f5es:<\/p>\n<ul>\n<li>Transmiss\u00e3o segura: Usamos protocolos de criptografia padr\u00e3o do setor para proteger a transmiss\u00e3o de informa\u00e7\u00f5es confidenciais entre seu dispositivo e nossos servidores.<\/li>\n<li>Prote\u00e7\u00e3o de dados: Empregamos medidas t\u00e9cnicas e organizacionais para impedir o acesso n\u00e3o autorizado, a divulga\u00e7\u00e3o ou a altera\u00e7\u00e3o de suas informa\u00e7\u00f5es.<\/li>\n<\/ul>\t\t\t\t\t\t\t\t<\/div>\n\t\t\t\t<\/div>\n\t\t\t\t<div class=\"elementor-element elementor-element-acfd08d elementor-widget elementor-widget-heading\" data-id=\"acfd08d\" data-element_type=\"widget\" data-e-type=\"widget\" data-widget_type=\"heading.default\">\n\t\t\t\t<div class=\"elementor-widget-container\">\n\t\t\t\t\t<h4 class=\"elementor-heading-title elementor-size-default\">7. Atualiza\u00e7\u00f5es em nossa pol\u00edtica de privacidade:<\/h4>\t\t\t\t<\/div>\n\t\t\t\t<\/div>\n\t\t\t\t<div class=\"elementor-element elementor-element-305114e elementor-widget elementor-widget-text-editor\" data-id=\"305114e\" data-element_type=\"widget\" data-e-type=\"widget\" data-widget_type=\"text-editor.default\">\n\t\t\t\t<div class=\"elementor-widget-container\">\n\t\t\t\t\t\t\t\t\t<p>Podemos atualizar nossa pol\u00edtica de privacidade de tempos em tempos para refletir mudan\u00e7as em nossas pr\u00e1ticas ou requisitos legais. N\u00f3s o notificaremos sobre quaisquer atualiza\u00e7\u00f5es significativas por e-mail ou por meio de nosso site.<\/p>\t\t\t\t\t\t\t\t<\/div>\n\t\t\t\t<\/div>\n\t\t\t\t<div class=\"elementor-element elementor-element-6d4b304 elementor-widget elementor-widget-heading\" data-id=\"6d4b304\" data-element_type=\"widget\" data-e-type=\"widget\" data-widget_type=\"heading.default\">\n\t\t\t\t<div class=\"elementor-widget-container\">\n\t\t\t\t\t<h4 class=\"elementor-heading-title elementor-size-default\">8. Entre em contato conosco:<\/h4>\t\t\t\t<\/div>\n\t\t\t\t<\/div>\n\t\t\t\t<div class=\"elementor-element elementor-element-0c83627 elementor-widget elementor-widget-text-editor\" data-id=\"0c83627\" data-element_type=\"widget\" data-e-type=\"widget\" data-widget_type=\"text-editor.default\">\n\t\t\t\t<div class=\"elementor-widget-container\">\n\t\t\t\t\t\t\t\t\t<p>Em caso de d\u00favidas, preocupa\u00e7\u00f5es ou coment\u00e1rios sobre nossa pol\u00edtica ou pr\u00e1ticas de privacidade, n\u00e3o hesite em entrar em contato conosco em <a href=\"mailto:privacy@mytriprwanda.com\">privacy@mytriprwanda.com\u00a0<\/a>Estamos aqui para ajud\u00e1-lo e garantir que sua privacidade seja respeitada.<\/p>\t\t\t\t\t\t\t\t<\/div>\n\t\t\t\t<\/div>\n\t\t\t\t\t<\/div>\n\t\t\t\t<\/div>\n\t\t\t\t<div class=\"elementor-element elementor-element-ece0a0b elementor-widget elementor-widget-text-editor\" data-id=\"ece0a0b\" data-element_type=\"widget\" data-e-type=\"widget\" data-widget_type=\"text-editor.default\">\n\t\t\t\t<div class=\"elementor-widget-container\">\n\t\t\t\t\t\t\t\t\t<p>Obrigado por ler nossa pol\u00edtica de privacidade. Estamos honrados por t\u00ea-lo como parte da comunidade My Trip To Rwanda e esperamos embarcar juntos em muitas aventuras inesquec\u00edveis!<\/p>\n<p>Sauda\u00e7\u00f5es calorosas, Equipe My Trip To Rwanda \ud83c\udf0d\u2708\ufe0f<\/p>\t\t\t\t\t\t\t\t<\/div>\n\t\t\t\t<\/div>\n\t\t\t\t\t<\/div>\n\t\t\t\t<\/div>\n\t\t\t\t<\/div>","protected":false},"excerpt":{"rendered":"<p>Privacy Policy for My Trip To Rwanda Hello, amazing adventurers! Welcome to the My Trip To Rwanda family! We&#8217;re thrilled to have you join us on this exciting journey. Your privacy is super important to us, so we&#8217;ve put together this detailed privacy policy to explain how we collect, use, and protect your information. Let&#8217;s [&hellip;]<\/p>\n","protected":false},"author":1,"featured_media":997,"parent":0,"menu_order":0,"comment_status":"closed","ping_status":"open","template":"elementor_header_footer","meta":{"footnotes":""},"class_list":["post-3","page","type-page","status-publish","has-post-thumbnail","hentry"],"_hostinger_reach_plugin_has_subscription_block":false,"_hostinger_reach_plugin_is_elementor":false,"_links":{"self":[{"href":"https:\/\/mytriprwanda.com\/pt\/wp-json\/wp\/v2\/pages\/3","targetHints":{"allow":["GET"]}}],"collection":[{"href":"https:\/\/mytriprwanda.com\/pt\/wp-json\/wp\/v2\/pages"}],"about":[{"href":"https:\/\/mytriprwanda.com\/pt\/wp-json\/wp\/v2\/types\/page"}],"author":[{"embeddable":true,"href":"https:\/\/mytriprwanda.com\/pt\/wp-json\/wp\/v2\/users\/1"}],"replies":[{"embeddable":true,"href":"https:\/\/mytriprwanda.com\/pt\/wp-json\/wp\/v2\/comments?post=3"}],"version-history":[{"count":0,"href":"https:\/\/mytriprwanda.com\/pt\/wp-json\/wp\/v2\/pages\/3\/revisions"}],"wp:featuredmedia":[{"embeddable":true,"href":"https:\/\/mytriprwanda.com\/pt\/wp-json\/wp\/v2\/media\/997"}],"wp:attachment":[{"href":"https:\/\/mytriprwanda.com\/pt\/wp-json\/wp\/v2\/media?parent=3"}],"curies":[{"name":"wp","href":"https:\/\/api.w.org\/{rel}","templated":true}]}}