{"id":5770,"date":"2025-07-08T16:52:10","date_gmt":"2025-07-08T14:52:10","guid":{"rendered":"https:\/\/mytriprwanda.com\/?page_id=5770"},"modified":"2025-07-08T16:57:29","modified_gmt":"2025-07-08T14:57:29","slug":"gorilla-trekking-rwanda-prices","status":"publish","type":"page","link":"https:\/\/mytriprwanda.com\/fr\/trekking-gorille-rwanda-prix\/","title":{"rendered":"Prix de la randonn\u00e9e des gorilles au Rwanda"},"content":{"rendered":"<div data-elementor-type=\"wp-page\" data-elementor-id=\"5770\" class=\"elementor elementor-5770\" data-elementor-post-type=\"page\">\n\t\t\t\t<div class=\"elementor-element elementor-element-8338187 e-flex e-con-boxed e-con e-parent\" data-id=\"8338187\" data-element_type=\"container\" data-e-type=\"container\" data-settings=\"{&quot;background_background&quot;:&quot;gradient&quot;,&quot;jet_parallax_layout_list&quot;:[]}\">\n\t\t\t\t\t<div class=\"e-con-inner\">\n\t\t\t\t<div class=\"elementor-element elementor-element-b9a0c39 elementor-widget elementor-widget-heading\" data-id=\"b9a0c39\" data-element_type=\"widget\" data-e-type=\"widget\" data-widget_type=\"heading.default\">\n\t\t\t\t<div class=\"elementor-widget-container\">\n\t\t\t\t\t<h1 class=\"elementor-heading-title elementor-size-default\">Quel est le prix du trekking au Rwanda ?<\/h1>\t\t\t\t<\/div>\n\t\t\t\t<\/div>\n\t\t\t\t<div class=\"elementor-element elementor-element-9c596b5 elementor-widget elementor-widget-image\" data-id=\"9c596b5\" data-element_type=\"widget\" data-e-type=\"widget\" data-widget_type=\"image.default\">\n\t\t\t\t<div class=\"elementor-widget-container\">\n\t\t\t\t\t\t\t\t\t\t\t\t\t\t\t<img fetchpriority=\"high\" decoding=\"async\" width=\"2135\" height=\"445\" src=\"https:\/\/mytriprwanda.com\/wp-content\/uploads\/2025\/07\/Kigali-Convention-Center-1-e1751982569808.jpg\" class=\"attachment-full size-full wp-image-5743\" alt=\"Guide de voyage du Rwanda\" srcset=\"https:\/\/mytriprwanda.com\/wp-content\/uploads\/2025\/07\/Kigali-Convention-Center-1-e1751982569808.jpg 2135w, https:\/\/mytriprwanda.com\/wp-content\/uploads\/2025\/07\/Kigali-Convention-Center-1-e1751982569808-768x160.jpg 768w, https:\/\/mytriprwanda.com\/wp-content\/uploads\/2025\/07\/Kigali-Convention-Center-1-e1751982569808-600x125.jpg 600w\" sizes=\"(max-width: 2135px) 100vw, 2135px\" \/>\t\t\t\t\t\t\t\t\t\t\t\t\t\t\t<\/div>\n\t\t\t\t<\/div>\n\t\t\t\t<div class=\"elementor-element elementor-element-572c326 elementor-widget elementor-widget-text-editor\" data-id=\"572c326\" data-element_type=\"widget\" data-e-type=\"widget\" data-widget_type=\"text-editor.default\">\n\t\t\t\t<div class=\"elementor-widget-container\">\n\t\t\t\t\t\t\t\t\t<p>Quels sont les prix des randonn\u00e9es de gorilles au Rwanda ? Le trekking des gorilles au Rwanda commence g\u00e9n\u00e9ralement par un droit de permis de 1 500 euros par personne, les visites guid\u00e9es compl\u00e8tes co\u00fbtant en moyenne entre 1 700 et 2 000 euros. Les frais de permis couvrent l'entr\u00e9e dans le parc et les frais de conservation, tandis que les visites guid\u00e9es comprennent les transferts vers le parc, les guides certifi\u00e9s, le suivi des familles de gorilles et les consignes de s\u00e9curit\u00e9. Les prix peuvent varier l\u00e9g\u00e8rement selon la saison et la taille du groupe, mais l'investissement garantit une rencontre inoubliable avec ces majestueux gorilles de montagne.<\/p><p>Pour un meilleur rapport qualit\u00e9-prix et une planification sans tracas, notre visite guid\u00e9e tout compris <a href=\"https:\/\/mytriprwanda.com\/fr\/st_tour\/1-day-gorilla-trekking-tour-in-volcanoes-national-park-rwanda\/\" target=\"_blank\" rel=\"noopener\">paquets<\/a> commencent \u00e0 seulement 1 970 euros. Ce tarif couvre le permis de trekking des gorilles, l'h\u00e9bergement en lodge de luxe, les transferts priv\u00e9s depuis Kigali, les repas, les guides experts et les c\u00e9l\u00e9brations d'apr\u00e8s trek. R\u00e9servez votre place d\u00e8s aujourd'hui et vivez la premi\u00e8re aventure de gorilles au Rwanda avec un soutien professionnel \u00e0 chaque \u00e9tape.<\/p>\t\t\t\t\t\t\t\t<\/div>\n\t\t\t\t<\/div>\n\t\t\t\t<div class=\"elementor-element elementor-element-25f9600 elementor-align-left elementor-widget elementor-widget-button\" data-id=\"25f9600\" data-element_type=\"widget\" data-e-type=\"widget\" data-widget_type=\"button.default\">\n\t\t\t\t<div class=\"elementor-widget-container\">\n\t\t\t\t\t\t\t\t\t<div class=\"elementor-button-wrapper\">\n\t\t\t\t\t<a class=\"elementor-button elementor-button-link elementor-size-sm\" href=\"https:\/\/mytriprwanda.com\/fr\/resultat-de-la-recherche-dun-tour\/\">\n\t\t\t\t\t\t<span class=\"elementor-button-content-wrapper\">\n\t\t\t\t\t\t\t\t\t<span class=\"elementor-button-text\">R\u00c9SERVEZ VOTRE VOYAGE<\/span>\n\t\t\t\t\t<\/span>\n\t\t\t\t\t<\/a>\n\t\t\t\t<\/div>\n\t\t\t\t\t\t\t\t<\/div>\n\t\t\t\t<\/div>\n\t\t\t\t\t<\/div>\n\t\t\t\t<\/div>\n\t\t\t\t<\/div>","protected":false},"excerpt":{"rendered":"<p>What is the Gorilla Trekking Prices in Rwanda ? What is the Gorilla Trekking Prices in Rwanda? Gorilla trekking in Rwanda typically starts with a $1,500 permit fee per person, with full guided tour experiences averaging $1,700\u2013$2,000. Permit costs cover park entry and conservation fees, while guided tours include park transfers, certified ranger guides, gorilla [&hellip;]<\/p>","protected":false},"author":1,"featured_media":3757,"parent":0,"menu_order":0,"comment_status":"closed","ping_status":"closed","template":"elementor_header_footer","meta":{"footnotes":""},"class_list":["post-5770","page","type-page","status-publish","has-post-thumbnail","hentry"],"_hostinger_reach_plugin_has_subscription_block":false,"_hostinger_reach_plugin_is_elementor":false,"_links":{"self":[{"href":"https:\/\/mytriprwanda.com\/fr\/wp-json\/wp\/v2\/pages\/5770","targetHints":{"allow":["GET"]}}],"collection":[{"href":"https:\/\/mytriprwanda.com\/fr\/wp-json\/wp\/v2\/pages"}],"about":[{"href":"https:\/\/mytriprwanda.com\/fr\/wp-json\/wp\/v2\/types\/page"}],"author":[{"embeddable":true,"href":"https:\/\/mytriprwanda.com\/fr\/wp-json\/wp\/v2\/users\/1"}],"replies":[{"embeddable":true,"href":"https:\/\/mytriprwanda.com\/fr\/wp-json\/wp\/v2\/comments?post=5770"}],"version-history":[{"count":10,"href":"https:\/\/mytriprwanda.com\/fr\/wp-json\/wp\/v2\/pages\/5770\/revisions"}],"predecessor-version":[{"id":5781,"href":"https:\/\/mytriprwanda.com\/fr\/wp-json\/wp\/v2\/pages\/5770\/revisions\/5781"}],"wp:featuredmedia":[{"embeddable":true,"href":"https:\/\/mytriprwanda.com\/fr\/wp-json\/wp\/v2\/media\/3757"}],"wp:attachment":[{"href":"https:\/\/mytriprwanda.com\/fr\/wp-json\/wp\/v2\/media?parent=5770"}],"curies":[{"name":"wp","href":"https:\/\/api.w.org\/{rel}","templated":true}]}}