{"id":5770,"date":"2025-07-08T16:52:10","date_gmt":"2025-07-08T14:52:10","guid":{"rendered":"https:\/\/mytriprwanda.com\/?page_id=5770"},"modified":"2025-07-08T16:57:29","modified_gmt":"2025-07-08T14:57:29","slug":"gorilla-trekking-rwanda-prices","status":"publish","type":"page","link":"https:\/\/mytriprwanda.com\/es\/precios-del-trekking-con-gorilas-en-ruanda\/","title":{"rendered":"Precios del trekking con gorilas en Ruanda"},"content":{"rendered":"<div data-elementor-type=\"wp-page\" data-elementor-id=\"5770\" class=\"elementor elementor-5770\" data-elementor-post-type=\"page\">\n\t\t\t\t<div class=\"elementor-element elementor-element-8338187 e-flex e-con-boxed e-con e-parent\" data-id=\"8338187\" data-element_type=\"container\" data-e-type=\"container\" data-settings=\"{&quot;background_background&quot;:&quot;gradient&quot;,&quot;jet_parallax_layout_list&quot;:[]}\">\n\t\t\t\t\t<div class=\"e-con-inner\">\n\t\t\t\t<div class=\"elementor-element elementor-element-b9a0c39 elementor-widget elementor-widget-heading\" data-id=\"b9a0c39\" data-element_type=\"widget\" data-e-type=\"widget\" data-widget_type=\"heading.default\">\n\t\t\t\t<div class=\"elementor-widget-container\">\n\t\t\t\t\t<h1 class=\"elementor-heading-title elementor-size-default\">\u00bfCu\u00e1les son los precios del trekking con gorilas en Ruanda?<\/h1>\t\t\t\t<\/div>\n\t\t\t\t<\/div>\n\t\t\t\t<div class=\"elementor-element elementor-element-9c596b5 elementor-widget elementor-widget-image\" data-id=\"9c596b5\" data-element_type=\"widget\" data-e-type=\"widget\" data-widget_type=\"image.default\">\n\t\t\t\t<div class=\"elementor-widget-container\">\n\t\t\t\t\t\t\t\t\t\t\t\t\t\t\t<img fetchpriority=\"high\" decoding=\"async\" width=\"2135\" height=\"445\" src=\"https:\/\/mytriprwanda.com\/wp-content\/uploads\/2025\/07\/Kigali-Convention-Center-1-e1751982569808.jpg\" class=\"attachment-full size-full wp-image-5743\" alt=\"Gu\u00eda de viaje de Ruanda\" srcset=\"https:\/\/mytriprwanda.com\/wp-content\/uploads\/2025\/07\/Kigali-Convention-Center-1-e1751982569808.jpg 2135w, https:\/\/mytriprwanda.com\/wp-content\/uploads\/2025\/07\/Kigali-Convention-Center-1-e1751982569808-768x160.jpg 768w, https:\/\/mytriprwanda.com\/wp-content\/uploads\/2025\/07\/Kigali-Convention-Center-1-e1751982569808-600x125.jpg 600w\" sizes=\"(max-width: 2135px) 100vw, 2135px\" \/>\t\t\t\t\t\t\t\t\t\t\t\t\t\t\t<\/div>\n\t\t\t\t<\/div>\n\t\t\t\t<div class=\"elementor-element elementor-element-572c326 elementor-widget elementor-widget-text-editor\" data-id=\"572c326\" data-element_type=\"widget\" data-e-type=\"widget\" data-widget_type=\"text-editor.default\">\n\t\t\t\t<div class=\"elementor-widget-container\">\n\t\t\t\t\t\t\t\t\t<p>\u00bfCu\u00e1les son los precios del trekking con gorilas en Ruanda? El trekking con gorilas en Ruanda suele tener un coste inicial de $1500 por persona en concepto de permiso, y las experiencias con gu\u00eda completo cuestan de media entre $1700 y $2000. El coste del permiso cubre la entrada al parque y las tasas de conservaci\u00f3n, mientras que las visitas guiadas incluyen los traslados al parque, gu\u00edas forestales certificados, seguimiento de familias de gorilas e instrucciones de seguridad. Los precios pueden variar ligeramente seg\u00fan la temporada y el tama\u00f1o del grupo, pero la inversi\u00f3n garantiza un encuentro inolvidable con estos majestuosos gorilas de monta\u00f1a.<\/p><p>Para obtener la mejor relaci\u00f3n calidad-precio y una planificaci\u00f3n sin complicaciones, nuestra visita guiada con todo incluido. <a href=\"https:\/\/mytriprwanda.com\/es\/st_tour\/1-day-gorilla-trekking-tour-in-volcanoes-national-park-rwanda\/\" target=\"_blank\" rel=\"noopener\">paquetes<\/a> A partir de solo 1970 TP4T. Esta tarifa incluye el permiso para el trekking con gorilas, alojamiento en lodges de lujo, traslados privados desde Kigali, comidas, gu\u00edas expertos y celebraciones posteriores al trekking. Asegura tu plaza hoy mismo y vive la mejor aventura con gorilas de Ruanda con asistencia profesional en cada paso del camino.<\/p>\t\t\t\t\t\t\t\t<\/div>\n\t\t\t\t<\/div>\n\t\t\t\t<div class=\"elementor-element elementor-element-25f9600 elementor-align-left elementor-widget elementor-widget-button\" data-id=\"25f9600\" data-element_type=\"widget\" data-e-type=\"widget\" data-widget_type=\"button.default\">\n\t\t\t\t<div class=\"elementor-widget-container\">\n\t\t\t\t\t\t\t\t\t<div class=\"elementor-button-wrapper\">\n\t\t\t\t\t<a class=\"elementor-button elementor-button-link elementor-size-sm\" href=\"https:\/\/mytriprwanda.com\/es\/resultado-de-la-busqueda-de-tours\/\">\n\t\t\t\t\t\t<span class=\"elementor-button-content-wrapper\">\n\t\t\t\t\t\t\t\t\t<span class=\"elementor-button-text\">RESERVA TU VIAJE<\/span>\n\t\t\t\t\t<\/span>\n\t\t\t\t\t<\/a>\n\t\t\t\t<\/div>\n\t\t\t\t\t\t\t\t<\/div>\n\t\t\t\t<\/div>\n\t\t\t\t\t<\/div>\n\t\t\t\t<\/div>\n\t\t\t\t<\/div>","protected":false},"excerpt":{"rendered":"<p>What is the Gorilla Trekking Prices in Rwanda ? What is the Gorilla Trekking Prices in Rwanda? Gorilla trekking in Rwanda typically starts with a $1,500 permit fee per person, with full guided tour experiences averaging $1,700\u2013$2,000. Permit costs cover park entry and conservation fees, while guided tours include park transfers, certified ranger guides, gorilla [&hellip;]<\/p>","protected":false},"author":1,"featured_media":3757,"parent":0,"menu_order":0,"comment_status":"closed","ping_status":"closed","template":"elementor_header_footer","meta":{"footnotes":""},"class_list":["post-5770","page","type-page","status-publish","has-post-thumbnail","hentry"],"_hostinger_reach_plugin_has_subscription_block":false,"_hostinger_reach_plugin_is_elementor":false,"_links":{"self":[{"href":"https:\/\/mytriprwanda.com\/es\/wp-json\/wp\/v2\/pages\/5770","targetHints":{"allow":["GET"]}}],"collection":[{"href":"https:\/\/mytriprwanda.com\/es\/wp-json\/wp\/v2\/pages"}],"about":[{"href":"https:\/\/mytriprwanda.com\/es\/wp-json\/wp\/v2\/types\/page"}],"author":[{"embeddable":true,"href":"https:\/\/mytriprwanda.com\/es\/wp-json\/wp\/v2\/users\/1"}],"replies":[{"embeddable":true,"href":"https:\/\/mytriprwanda.com\/es\/wp-json\/wp\/v2\/comments?post=5770"}],"version-history":[{"count":10,"href":"https:\/\/mytriprwanda.com\/es\/wp-json\/wp\/v2\/pages\/5770\/revisions"}],"predecessor-version":[{"id":5781,"href":"https:\/\/mytriprwanda.com\/es\/wp-json\/wp\/v2\/pages\/5770\/revisions\/5781"}],"wp:featuredmedia":[{"embeddable":true,"href":"https:\/\/mytriprwanda.com\/es\/wp-json\/wp\/v2\/media\/3757"}],"wp:attachment":[{"href":"https:\/\/mytriprwanda.com\/es\/wp-json\/wp\/v2\/media?parent=5770"}],"curies":[{"name":"wp","href":"https:\/\/api.w.org\/{rel}","templated":true}]}}