{"id":5696,"date":"2025-06-20T22:46:36","date_gmt":"2025-06-20T20:46:36","guid":{"rendered":"https:\/\/mytriprwanda.com\/?page_id=5696"},"modified":"2025-07-08T16:39:21","modified_gmt":"2025-07-08T14:39:21","slug":"gorilla-trekking-rwanda-cost","status":"publish","type":"page","link":"https:\/\/mytriprwanda.com\/es\/costo-del-trekking-con-gorilas-en-ruanda\/","title":{"rendered":"Gorilla Trekking Rwanda Coste"},"content":{"rendered":"<div data-elementor-type=\"wp-page\" data-elementor-id=\"5696\" class=\"elementor elementor-5696\" data-elementor-post-type=\"page\">\n\t\t\t\t<div class=\"elementor-element elementor-element-8338187 e-flex e-con-boxed e-con e-parent\" data-id=\"8338187\" data-element_type=\"container\" data-settings=\"{&quot;background_background&quot;:&quot;gradient&quot;,&quot;jet_parallax_layout_list&quot;:[]}\">\n\t\t\t\t\t<div class=\"e-con-inner\">\n\t\t\t\t<div class=\"elementor-element elementor-element-b9a0c39 elementor-widget elementor-widget-heading\" data-id=\"b9a0c39\" data-element_type=\"widget\" data-widget_type=\"heading.default\">\n\t\t\t\t<div class=\"elementor-widget-container\">\n\t\t\t\t\t<h1 class=\"elementor-heading-title elementor-size-default\">\u00bfCu\u00e1l es el coste del trekking con gorilas en Ruanda?<\/h1>\t\t\t\t<\/div>\n\t\t\t\t<\/div>\n\t\t\t\t<div class=\"elementor-element elementor-element-9c596b5 elementor-widget elementor-widget-image\" data-id=\"9c596b5\" data-element_type=\"widget\" data-widget_type=\"image.default\">\n\t\t\t\t<div class=\"elementor-widget-container\">\n\t\t\t\t\t\t\t\t\t\t\t\t\t\t\t<img fetchpriority=\"high\" decoding=\"async\" width=\"2135\" height=\"445\" src=\"https:\/\/mytriprwanda.com\/wp-content\/uploads\/2025\/07\/Kigali-Convention-Center-1-e1751982569808.jpg\" class=\"attachment-full size-full wp-image-5743\" alt=\"Gu\u00eda de viaje de Ruanda\" srcset=\"https:\/\/mytriprwanda.com\/wp-content\/uploads\/2025\/07\/Kigali-Convention-Center-1-e1751982569808.jpg 2135w, https:\/\/mytriprwanda.com\/wp-content\/uploads\/2025\/07\/Kigali-Convention-Center-1-e1751982569808-768x160.jpg 768w, https:\/\/mytriprwanda.com\/wp-content\/uploads\/2025\/07\/Kigali-Convention-Center-1-e1751982569808-600x125.jpg 600w\" sizes=\"(max-width: 2135px) 100vw, 2135px\" \/>\t\t\t\t\t\t\t\t\t\t\t\t\t\t\t<\/div>\n\t\t\t\t<\/div>\n\t\t\t\t<div class=\"elementor-element elementor-element-572c326 elementor-widget elementor-widget-text-editor\" data-id=\"572c326\" data-element_type=\"widget\" data-widget_type=\"text-editor.default\">\n\t\t\t\t<div class=\"elementor-widget-container\">\n\t\t\t\t\t\t\t\t\t<p data-start=\"0\" data-end=\"602\">\u00bfCu\u00e1l es el coste del trekking con gorilas en Ruanda? El trekking con gorilas en Ruanda comienza con una tasa obligatoria de permiso de $1500 por persona, que le da acceso a los exuberantes h\u00e1bitats del Parque Nacional de los Volcanes y a un encuentro \u00fanico en la vida con los gorilas de monta\u00f1a. Este coste incluye tasas adicionales del parque y de conservaci\u00f3n, lo que garantiza la protecci\u00f3n de estas magn\u00edficas criaturas y su h\u00e1bitat. Para maximizar su experiencia, cada excursi\u00f3n cuenta con gu\u00edas profesionales que le proporcionar\u00e1n informaci\u00f3n experta sobre el comportamiento de los gorilas, la flora y la fauna, al tiempo que garantizan su seguridad y comodidad durante todo el viaje.<\/p><p data-start=\"604\" data-end=\"1181\" data-is-last-node=\"\" data-is-only-node=\"\">Para los viajeros que buscan una experiencia con todo incluido, nuestro <a href=\"https:\/\/mytriprwanda.com\/es\/st_tour\/1-day-gorilla-trekking-tour-in-volcanoes-national-park-rwanda\/\" target=\"_blank\" rel=\"noopener\">paquete de visita guiada<\/a> A partir de solo $1,970 por persona. Esta tarifa completa incluye el permiso para ver gorilas, trekking guiado, traslados terrestres, alojamiento confortable, comidas y entradas al parque, lo que elimina los costes ocultos y las molestias log\u00edsticas. Con a\u00f1os de experiencia local, nuestra empresa se encarga de todos los detalles, desde itinerarios personalizados hasta alojamientos perfectos, para que usted pueda centrarse en la aventura. Reserve hoy mismo y descubra por qu\u00e9 nuestros clientes elogian nuestro valor, profesionalidad y encuentros inolvidables con los gorilas en Ruanda.<\/p>\t\t\t\t\t\t\t\t<\/div>\n\t\t\t\t<\/div>\n\t\t\t\t<div class=\"elementor-element elementor-element-25f9600 elementor-align-left elementor-widget elementor-widget-button\" data-id=\"25f9600\" data-element_type=\"widget\" data-widget_type=\"button.default\">\n\t\t\t\t<div class=\"elementor-widget-container\">\n\t\t\t\t\t\t\t\t\t<div class=\"elementor-button-wrapper\">\n\t\t\t\t\t<a class=\"elementor-button elementor-button-link elementor-size-sm\" href=\"https:\/\/mytriprwanda.com\/es\/resultado-de-la-busqueda-de-tours\/\">\n\t\t\t\t\t\t<span class=\"elementor-button-content-wrapper\">\n\t\t\t\t\t\t\t\t\t<span class=\"elementor-button-text\">RESERVA TU VIAJE<\/span>\n\t\t\t\t\t<\/span>\n\t\t\t\t\t<\/a>\n\t\t\t\t<\/div>\n\t\t\t\t\t\t\t\t<\/div>\n\t\t\t\t<\/div>\n\t\t\t\t\t<\/div>\n\t\t\t\t<\/div>\n\t\t\t\t<\/div>","protected":false},"excerpt":{"rendered":"<p>What is the Gorilla Trekking Cost in Rwanda ? What is the Gorilla Trekking Cost in Rwanda ? Gorilla trekking in Rwanda begins with a mandatory permit fee of $1,500 per person, which grants you access to the lush habitats of the Volcanoes National Park and a once-in-a-lifetime encounter with mountain gorillas. Additional park and [&hellip;]<\/p>","protected":false},"author":1,"featured_media":3757,"parent":0,"menu_order":0,"comment_status":"closed","ping_status":"closed","template":"elementor_header_footer","meta":{"footnotes":""},"class_list":["post-5696","page","type-page","status-publish","has-post-thumbnail","hentry"],"_hostinger_reach_plugin_has_subscription_block":false,"_hostinger_reach_plugin_is_elementor":false,"_links":{"self":[{"href":"https:\/\/mytriprwanda.com\/es\/wp-json\/wp\/v2\/pages\/5696","targetHints":{"allow":["GET"]}}],"collection":[{"href":"https:\/\/mytriprwanda.com\/es\/wp-json\/wp\/v2\/pages"}],"about":[{"href":"https:\/\/mytriprwanda.com\/es\/wp-json\/wp\/v2\/types\/page"}],"author":[{"embeddable":true,"href":"https:\/\/mytriprwanda.com\/es\/wp-json\/wp\/v2\/users\/1"}],"replies":[{"embeddable":true,"href":"https:\/\/mytriprwanda.com\/es\/wp-json\/wp\/v2\/comments?post=5696"}],"version-history":[{"count":20,"href":"https:\/\/mytriprwanda.com\/es\/wp-json\/wp\/v2\/pages\/5696\/revisions"}],"predecessor-version":[{"id":5768,"href":"https:\/\/mytriprwanda.com\/es\/wp-json\/wp\/v2\/pages\/5696\/revisions\/5768"}],"wp:featuredmedia":[{"embeddable":true,"href":"https:\/\/mytriprwanda.com\/es\/wp-json\/wp\/v2\/media\/3757"}],"wp:attachment":[{"href":"https:\/\/mytriprwanda.com\/es\/wp-json\/wp\/v2\/media?parent=5696"}],"curies":[{"name":"wp","href":"https:\/\/api.w.org\/{rel}","templated":true}]}}