{"id":5770,"date":"2025-07-08T16:52:10","date_gmt":"2025-07-08T14:52:10","guid":{"rendered":"https:\/\/mytriprwanda.com\/?page_id=5770"},"modified":"2025-07-08T16:57:29","modified_gmt":"2025-07-08T14:57:29","slug":"gorilla-trekking-rwanda-prices","status":"publish","type":"page","link":"https:\/\/mytriprwanda.com\/de\/preise-fur-gorilla-trekking-in-ruanda\/","title":{"rendered":"Preise f\u00fcr Gorilla-Trekking in Ruanda"},"content":{"rendered":"<div data-elementor-type=\"wp-page\" data-elementor-id=\"5770\" class=\"elementor elementor-5770\" data-elementor-post-type=\"page\">\n\t\t\t\t<div class=\"elementor-element elementor-element-8338187 e-flex e-con-boxed e-con e-parent\" data-id=\"8338187\" data-element_type=\"container\" data-e-type=\"container\" data-settings=\"{&quot;background_background&quot;:&quot;gradient&quot;,&quot;jet_parallax_layout_list&quot;:[]}\">\n\t\t\t\t\t<div class=\"e-con-inner\">\n\t\t\t\t<div class=\"elementor-element elementor-element-b9a0c39 elementor-widget elementor-widget-heading\" data-id=\"b9a0c39\" data-element_type=\"widget\" data-e-type=\"widget\" data-widget_type=\"heading.default\">\n\t\t\t\t<div class=\"elementor-widget-container\">\n\t\t\t\t\t<h1 class=\"elementor-heading-title elementor-size-default\">Wie hoch sind die Preise f\u00fcr Gorilla-Trekking in Ruanda?<\/h1>\t\t\t\t<\/div>\n\t\t\t\t<\/div>\n\t\t\t\t<div class=\"elementor-element elementor-element-9c596b5 elementor-widget elementor-widget-image\" data-id=\"9c596b5\" data-element_type=\"widget\" data-e-type=\"widget\" data-widget_type=\"image.default\">\n\t\t\t\t<div class=\"elementor-widget-container\">\n\t\t\t\t\t\t\t\t\t\t\t\t\t\t\t<img fetchpriority=\"high\" decoding=\"async\" width=\"2135\" height=\"445\" src=\"https:\/\/mytriprwanda.com\/wp-content\/uploads\/2025\/07\/Kigali-Convention-Center-1-e1751982569808.jpg\" class=\"attachment-full size-full wp-image-5743\" alt=\"Reisef\u00fchrer Ruanda\" srcset=\"https:\/\/mytriprwanda.com\/wp-content\/uploads\/2025\/07\/Kigali-Convention-Center-1-e1751982569808.jpg 2135w, https:\/\/mytriprwanda.com\/wp-content\/uploads\/2025\/07\/Kigali-Convention-Center-1-e1751982569808-768x160.jpg 768w, https:\/\/mytriprwanda.com\/wp-content\/uploads\/2025\/07\/Kigali-Convention-Center-1-e1751982569808-600x125.jpg 600w\" sizes=\"(max-width: 2135px) 100vw, 2135px\" \/>\t\t\t\t\t\t\t\t\t\t\t\t\t\t\t<\/div>\n\t\t\t\t<\/div>\n\t\t\t\t<div class=\"elementor-element elementor-element-572c326 elementor-widget elementor-widget-text-editor\" data-id=\"572c326\" data-element_type=\"widget\" data-e-type=\"widget\" data-widget_type=\"text-editor.default\">\n\t\t\t\t<div class=\"elementor-widget-container\">\n\t\t\t\t\t\t\t\t\t<p>Wie hoch sind die Preise f\u00fcr Gorilla-Trekking in Ruanda? Gorilla-Trekking in Ruanda beginnt in der Regel mit einer Genehmigungsgeb\u00fchr von $1.500 pro Person, wobei vollst\u00e4ndig gef\u00fchrte Touren durchschnittlich $1.700 bis $2.000 kosten. Die Genehmigungskosten decken den Eintritt in den Park und die Naturschutzgeb\u00fchren ab, w\u00e4hrend gef\u00fchrte Touren den Transfer zum Park, zertifizierte Ranger-F\u00fchrer, die Suche nach Gorilla-Familien und Sicherheitsunterweisungen umfassen. Die Preise k\u00f6nnen je nach Saison und Gruppengr\u00f6\u00dfe leicht variieren, aber die Investition garantiert eine unvergessliche Begegnung mit diesen majest\u00e4tischen Berggorillas.<\/p><p>F\u00fcr das beste Preis-Leistungs-Verh\u00e4ltnis und eine stressfreie Planung empfehlen wir unsere All-inclusive-F\u00fchrung. <a href=\"https:\/\/mytriprwanda.com\/de\/st_tour\/1-day-gorilla-trekking-tour-in-volcanoes-national-park-rwanda\/\" target=\"_blank\" rel=\"noopener\">Pakete<\/a> ab nur 1.970 TP4T. Dieser Preis beinhaltet Ihre Gorilla-Trekking-Genehmigung, die Unterbringung in einer Luxus-Lodge, private Transfers von Kigali, Mahlzeiten, erfahrene Reiseleiter und Feierlichkeiten nach dem Trekking. Sichern Sie sich noch heute Ihren Platz und erleben Sie Ruandas einzigartiges Gorilla-Abenteuer mit professioneller Unterst\u00fctzung auf jedem Schritt des Weges.<\/p>\t\t\t\t\t\t\t\t<\/div>\n\t\t\t\t<\/div>\n\t\t\t\t<div class=\"elementor-element elementor-element-25f9600 elementor-align-left elementor-widget elementor-widget-button\" data-id=\"25f9600\" data-element_type=\"widget\" data-e-type=\"widget\" data-widget_type=\"button.default\">\n\t\t\t\t<div class=\"elementor-widget-container\">\n\t\t\t\t\t\t\t\t\t<div class=\"elementor-button-wrapper\">\n\t\t\t\t\t<a class=\"elementor-button elementor-button-link elementor-size-sm\" href=\"https:\/\/mytriprwanda.com\/de\/tour-suchergebnis\/\">\n\t\t\t\t\t\t<span class=\"elementor-button-content-wrapper\">\n\t\t\t\t\t\t\t\t\t<span class=\"elementor-button-text\">BUCHEN SIE IHRE REISE<\/span>\n\t\t\t\t\t<\/span>\n\t\t\t\t\t<\/a>\n\t\t\t\t<\/div>\n\t\t\t\t\t\t\t\t<\/div>\n\t\t\t\t<\/div>\n\t\t\t\t\t<\/div>\n\t\t\t\t<\/div>\n\t\t\t\t<\/div>","protected":false},"excerpt":{"rendered":"<p>What is the Gorilla Trekking Prices in Rwanda ? What is the Gorilla Trekking Prices in Rwanda? Gorilla trekking in Rwanda typically starts with a $1,500 permit fee per person, with full guided tour experiences averaging $1,700\u2013$2,000. Permit costs cover park entry and conservation fees, while guided tours include park transfers, certified ranger guides, gorilla [&hellip;]<\/p>","protected":false},"author":1,"featured_media":3757,"parent":0,"menu_order":0,"comment_status":"closed","ping_status":"closed","template":"elementor_header_footer","meta":{"footnotes":""},"class_list":["post-5770","page","type-page","status-publish","has-post-thumbnail","hentry"],"_hostinger_reach_plugin_has_subscription_block":false,"_hostinger_reach_plugin_is_elementor":false,"_links":{"self":[{"href":"https:\/\/mytriprwanda.com\/de\/wp-json\/wp\/v2\/pages\/5770","targetHints":{"allow":["GET"]}}],"collection":[{"href":"https:\/\/mytriprwanda.com\/de\/wp-json\/wp\/v2\/pages"}],"about":[{"href":"https:\/\/mytriprwanda.com\/de\/wp-json\/wp\/v2\/types\/page"}],"author":[{"embeddable":true,"href":"https:\/\/mytriprwanda.com\/de\/wp-json\/wp\/v2\/users\/1"}],"replies":[{"embeddable":true,"href":"https:\/\/mytriprwanda.com\/de\/wp-json\/wp\/v2\/comments?post=5770"}],"version-history":[{"count":10,"href":"https:\/\/mytriprwanda.com\/de\/wp-json\/wp\/v2\/pages\/5770\/revisions"}],"predecessor-version":[{"id":5781,"href":"https:\/\/mytriprwanda.com\/de\/wp-json\/wp\/v2\/pages\/5770\/revisions\/5781"}],"wp:featuredmedia":[{"embeddable":true,"href":"https:\/\/mytriprwanda.com\/de\/wp-json\/wp\/v2\/media\/3757"}],"wp:attachment":[{"href":"https:\/\/mytriprwanda.com\/de\/wp-json\/wp\/v2\/media?parent=5770"}],"curies":[{"name":"wp","href":"https:\/\/api.w.org\/{rel}","templated":true}]}}